{"id":55,"date":"2020-05-14T00:09:48","date_gmt":"2020-05-13T22:09:48","guid":{"rendered":"http:\/\/gwendolineh.com\/?page_id=55"},"modified":"2021-04-04T14:13:03","modified_gmt":"2021-04-04T12:13:03","slug":"biographie","status":"publish","type":"page","link":"https:\/\/gwendolineh.com\/index.php\/biographie\/","title":{"rendered":"Biographie"},"content":{"rendered":"\t\t<div data-elementor-type=\"wp-page\" data-elementor-id=\"55\" class=\"elementor elementor-55\">\n\t\t\t\t\t\t<section class=\"elementor-section elementor-top-section elementor-element elementor-element-0e4924c elementor-section-boxed elementor-section-height-default elementor-section-height-default\" data-id=\"0e4924c\" data-element_type=\"section\" data-e-type=\"section\">\n\t\t\t\t\t\t<div class=\"elementor-container elementor-column-gap-default\">\n\t\t\t\t\t<div class=\"elementor-column elementor-col-50 elementor-top-column elementor-element elementor-element-dcf5c78\" data-id=\"dcf5c78\" data-element_type=\"column\" data-e-type=\"column\">\n\t\t\t<div class=\"elementor-widget-wrap elementor-element-populated\">\n\t\t\t\t\t\t<div class=\"elementor-element elementor-element-feed2d9 elementor-widget elementor-widget-image\" data-id=\"feed2d9\" data-element_type=\"widget\" data-e-type=\"widget\" data-widget_type=\"image.default\">\n\t\t\t\t<div class=\"elementor-widget-container\">\n\t\t\t\t\t\t\t\t\t\t\t\t\t\t\t<img fetchpriority=\"high\" decoding=\"async\" width=\"667\" height=\"1000\" src=\"https:\/\/gwendolineh.com\/wp-content\/uploads\/2021\/04\/A.jpg\" class=\"attachment-medium_large size-medium_large wp-image-149\" alt=\"\" srcset=\"https:\/\/gwendolineh.com\/wp-content\/uploads\/2021\/04\/A.jpg 667w, https:\/\/gwendolineh.com\/wp-content\/uploads\/2021\/04\/A-200x300.jpg 200w\" sizes=\"(max-width: 667px) 100vw, 667px\" \/>\t\t\t\t\t\t\t\t\t\t\t\t\t\t\t<\/div>\n\t\t\t\t<\/div>\n\t\t\t\t\t<\/div>\n\t\t<\/div>\n\t\t\t\t<div class=\"elementor-column elementor-col-50 elementor-top-column elementor-element elementor-element-21ae56d\" data-id=\"21ae56d\" data-element_type=\"column\" data-e-type=\"column\">\n\t\t\t<div class=\"elementor-widget-wrap elementor-element-populated\">\n\t\t\t\t\t\t<div class=\"elementor-element elementor-element-7aad020 elementor-widget elementor-widget-text-editor\" data-id=\"7aad020\" data-element_type=\"widget\" data-e-type=\"widget\" data-widget_type=\"text-editor.default\">\n\t\t\t\t<div class=\"elementor-widget-container\">\n\t\t\t\t\t\t\t\t\t<p>Depuis 2009 j&rsquo;immortalise vos moments de vie importants .<\/p><p>\u00a0<\/p><p>Des gros soucis de sant\u00e9 ont fait que je ne photographie plus les mariages (ou alors sous conditions ) mais je suis toujours disponible pour vos enfants, vos grossesses , vos s\u00e9ances familles ou m\u00eame vos s\u00e9ances \u00ab\u00a0trash the dress\u00a0\u00bb.<\/p><p>Depuis 2 ans je me suis \u00e9galement mise \u00e0 la photo de mes compagnons \u00e0 4 pattes. Je peux donc sous certaines conditions faire des s\u00e9ances de vos f\u00e9lins pr\u00e9f\u00e9r\u00e9s \ud83d\ude42<\/p>\t\t\t\t\t\t\t\t<\/div>\n\t\t\t\t<\/div>\n\t\t\t\t\t<\/div>\n\t\t<\/div>\n\t\t\t\t\t<\/div>\n\t\t<\/section>\n\t\t\t\t<section class=\"elementor-section elementor-top-section elementor-element elementor-element-080d769 elementor-section-boxed elementor-section-height-default elementor-section-height-default\" data-id=\"080d769\" data-element_type=\"section\" data-e-type=\"section\">\n\t\t\t\t\t\t<div class=\"elementor-container elementor-column-gap-default\">\n\t\t\t\t\t<div class=\"elementor-column elementor-col-100 elementor-top-column elementor-element elementor-element-c046ca8\" data-id=\"c046ca8\" data-element_type=\"column\" data-e-type=\"column\">\n\t\t\t<div class=\"elementor-widget-wrap elementor-element-populated\">\n\t\t\t\t\t\t<div class=\"elementor-element elementor-element-2c84212 elementor-widget elementor-widget-text-editor\" data-id=\"2c84212\" data-element_type=\"widget\" data-e-type=\"widget\" data-widget_type=\"text-editor.default\">\n\t\t\t\t<div class=\"elementor-widget-container\">\n\t\t\t\t\t\t\t\t\t<p>N&rsquo;h\u00e9sitez pas \u00e0 me contacter pour plus de renseignements.\u00a0<\/p>\t\t\t\t\t\t\t\t<\/div>\n\t\t\t\t<\/div>\n\t\t\t\t\t<\/div>\n\t\t<\/div>\n\t\t\t\t\t<\/div>\n\t\t<\/section>\n\t\t\t\t<\/div>\n\t\t","protected":false},"excerpt":{"rendered":"<p>Depuis 2009 j&rsquo;immortalise vos moments de vie importants . \u00a0 Des gros soucis de sant\u00e9 ont fait que je ne photographie plus les mariages (ou alors sous conditions ) mais je suis toujours disponible pour vos enfants, vos grossesses , vos s\u00e9ances familles ou m\u00eame vos s\u00e9ances \u00ab\u00a0trash the dress\u00a0\u00bb. &#8230;<\/p>\n<p class=\"continue-reading-button\"> <a class=\"continue-reading-link\" href=\"https:\/\/gwendolineh.com\/index.php\/biographie\/\">Continue reading<i class=\"crycon-right-dir\"><\/i><\/a><\/p>\n","protected":false},"author":2,"featured_media":0,"parent":0,"menu_order":0,"comment_status":"closed","ping_status":"closed","template":"","meta":{"footnotes":""},"class_list":["post-55","page","type-page","status-publish","hentry"],"_links":{"self":[{"href":"https:\/\/gwendolineh.com\/index.php\/wp-json\/wp\/v2\/pages\/55","targetHints":{"allow":["GET"]}}],"collection":[{"href":"https:\/\/gwendolineh.com\/index.php\/wp-json\/wp\/v2\/pages"}],"about":[{"href":"https:\/\/gwendolineh.com\/index.php\/wp-json\/wp\/v2\/types\/page"}],"author":[{"embeddable":true,"href":"https:\/\/gwendolineh.com\/index.php\/wp-json\/wp\/v2\/users\/2"}],"replies":[{"embeddable":true,"href":"https:\/\/gwendolineh.com\/index.php\/wp-json\/wp\/v2\/comments?post=55"}],"version-history":[{"count":25,"href":"https:\/\/gwendolineh.com\/index.php\/wp-json\/wp\/v2\/pages\/55\/revisions"}],"predecessor-version":[{"id":173,"href":"https:\/\/gwendolineh.com\/index.php\/wp-json\/wp\/v2\/pages\/55\/revisions\/173"}],"wp:attachment":[{"href":"https:\/\/gwendolineh.com\/index.php\/wp-json\/wp\/v2\/media?parent=55"}],"curies":[{"name":"wp","href":"https:\/\/api.w.org\/{rel}","templated":true}]}}