{"id":727,"date":"2024-10-12T18:54:41","date_gmt":"2024-10-12T16:54:41","guid":{"rendered":"http:\/\/gwendolineh.com\/index.php\/le-scottish\/"},"modified":"2024-10-12T18:58:21","modified_gmt":"2024-10-12T16:58:21","slug":"le-scottish","status":"publish","type":"page","link":"https:\/\/gwendolineh.com\/index.php\/le-scottish\/","title":{"rendered":"Le Scottish"},"content":{"rendered":"\n\n\n\n\n\n\n\nLes Scottish Straight et les Scottish Fold : les oreilles font toute la diff\u00e9rence !<br><strong>Scottish Straight<\/strong>\u00a0: Ceux-l\u00e0, ils ont les oreilles bien droites, tout comme n&rsquo;importe quel autre chat. Mais ne vous y trompez pas, ils n&rsquo;ont rien de classique ! Avec leur t\u00eate ronde et leurs grands yeux expressifs, ils d\u00e9gagent une douceur toute sp\u00e9ciale. Le Scottish Straight, c\u2019est le chat curieux par excellence, qui observe tout ce qui se passe et qui sait charmer avec sa simplicit\u00e9.<br><strong>Scottish Fold<\/strong>\u00a0: Ah, les Folds ! L\u00e0, on entre dans le domaine des \u00ab\u00a0chatons peluches\u00a0\u00bb. Leurs oreilles se replient vers l&rsquo;avant, ce qui leur donne un look attendrissant, limite extraterrestre. En plus, les Scottish Fold ont une mani\u00e8re de s&rsquo;asseoir bien \u00e0 eux, qu\u2019on appelle la \u00ab\u00a0pose de Bouddha\u00a0\u00bb : ils s\u2019installent comme des petits vieux devant la t\u00e9l\u00e9, le dos bien droit et les pattes avant pos\u00e9es sur leur ventre. C\u2019est compl\u00e8tement irr\u00e9sistible !<br>Et le lien avec les British ?<br>Les Scottish, qu&rsquo;ils soient Straight ou Fold, partagent beaucoup avec les British Shorthair, notamment au niveau du caract\u00e8re et du physique ! Ce sont leurs cousins proches, \u00e0 tel point qu\u2019ils sont parfois crois\u00e9s entre eux.<br>Les\u00a0<strong>British Shorthair<\/strong>\u00a0ont la m\u00eame carrure costaude et des traits similaires : un museau large et des joues rondes. Mais c\u00f4t\u00e9 caract\u00e8re, ils sont un peu plus pos\u00e9s, moins actifs, et parfois un peu plus r\u00e9serv\u00e9s. Les Scottish, eux, sont souvent plus joueurs, plus curieux, et ont ce c\u00f4t\u00e9 clownesque qui fait leur r\u00e9putation.<br>En r\u00e9sum\u00e9, les Scottish et les British, c&rsquo;est une histoire de famille, avec des petites diff\u00e9rences d&rsquo;oreilles et de personnalit\u00e9. Si tu cherches un chat dr\u00f4le, tendre, et avec une bouille qui fait fondre, les Scottish sont des compagnons parfaits ! \ud83d\udc3e<br><br>\n\n\n\n","protected":false},"excerpt":{"rendered":"<p class=\"continue-reading-button\"> <a class=\"continue-reading-link\" href=\"https:\/\/gwendolineh.com\/index.php\/le-scottish\/\">Continue reading<i class=\"crycon-right-dir\"><\/i><\/a><\/p>\n","protected":false},"author":2,"featured_media":0,"parent":0,"menu_order":0,"comment_status":"closed","ping_status":"closed","template":"full-width","meta":{"footnotes":""},"class_list":["post-727","page","type-page","status-publish","hentry"],"_links":{"self":[{"href":"https:\/\/gwendolineh.com\/index.php\/wp-json\/wp\/v2\/pages\/727","targetHints":{"allow":["GET"]}}],"collection":[{"href":"https:\/\/gwendolineh.com\/index.php\/wp-json\/wp\/v2\/pages"}],"about":[{"href":"https:\/\/gwendolineh.com\/index.php\/wp-json\/wp\/v2\/types\/page"}],"author":[{"embeddable":true,"href":"https:\/\/gwendolineh.com\/index.php\/wp-json\/wp\/v2\/users\/2"}],"replies":[{"embeddable":true,"href":"https:\/\/gwendolineh.com\/index.php\/wp-json\/wp\/v2\/comments?post=727"}],"version-history":[{"count":2,"href":"https:\/\/gwendolineh.com\/index.php\/wp-json\/wp\/v2\/pages\/727\/revisions"}],"predecessor-version":[{"id":732,"href":"https:\/\/gwendolineh.com\/index.php\/wp-json\/wp\/v2\/pages\/727\/revisions\/732"}],"wp:attachment":[{"href":"https:\/\/gwendolineh.com\/index.php\/wp-json\/wp\/v2\/media?parent=727"}],"curies":[{"name":"wp","href":"https:\/\/api.w.org\/{rel}","templated":true}]}}